{"id":60,"date":"2020-04-07T11:45:15","date_gmt":"2020-04-07T11:45:15","guid":{"rendered":"http:\/\/localhost\/monkeyinsilk\/?page_id=5"},"modified":"2022-04-13T15:46:42","modified_gmt":"2022-04-13T15:46:42","slug":"home","status":"publish","type":"page","link":"https:\/\/tegelbruket.monkeyinsilk.se\/","title":{"rendered":"Home"},"content":{"rendered":"<div class=\"center-content\">\n<h2>tegelbruket <span>&#8211; en levande urban stadsdel<\/span><\/h2>\n<\/div>\n<p>15 minuter med t\u00e5g fr\u00e5n centralen byggs en helt ny urban stadsdel fram. Med fokus p\u00e5 gr\u00f6na oaser med mix av caf\u00e9er, kvartersrestauranger och n\u00e4rbutiker \u00e4r Tegelbruket ditt andningsh\u00e5l utanf\u00f6r stan men ocks\u00e5 ett st\u00e4lle d\u00e4r man vill m\u00f6tas och ta en fika.<\/p>\n<p>Mixen mellan de moderna loftl\u00e4genheterna och villorna g\u00f6r att stadsbilden blir levande och m\u00e5lgruppen i stan varierande.<\/p>\n<p>L\u00e4genheterna \u00e4r inspirerade av loftl\u00e4genheter och har \u00f6ppen planl\u00f6sning och h\u00f6gt i tak. L\u00e4genheterna med balkong som \u00e4r riktade mot en lugn innerg\u00e5rd str\u00e4cker sig ut \u00f6ver ett parkomr\u00e5de i n\u00e4rheten.<\/p>\n<p>H\u00e4r f\u00e5r du ett individuellt boende d\u00e5 flera av v\u00e5ra bost\u00e4der har flexibla planl\u00f6sningar. Du kan med andra ord v\u00e4lja till en extra v\u00e4gg om du i st\u00e4llet f\u00f6r \u00f6ppna ytor \u00f6nskar ett extra barnrum eller arbetsrum.<\/p>\n","protected":false},"excerpt":{"rendered":"<p>tegelbruket &#8211; en levande urban stadsdel 15 minuter med t\u00e5g fr\u00e5n centralen byggs en helt ny urban stadsdel fram. Med fokus p\u00e5 gr\u00f6na oaser med mix av caf\u00e9er, kvartersrestauranger och n\u00e4rbutiker \u00e4r Tegelbruket ditt andningsh\u00e5l utanf\u00f6r stan men ocks\u00e5 ett st\u00e4lle d\u00e4r man vill m\u00f6tas och ta en fika. Mixen mellan de moderna loftl\u00e4genheterna och [&hellip;]<\/p>\n","protected":false},"author":1,"featured_media":69,"parent":0,"menu_order":0,"comment_status":"closed","ping_status":"closed","template":"","meta":{"footnotes":""},"_links":{"self":[{"href":"https:\/\/tegelbruket.monkeyinsilk.se\/index.php\/wp-json\/wp\/v2\/pages\/60"}],"collection":[{"href":"https:\/\/tegelbruket.monkeyinsilk.se\/index.php\/wp-json\/wp\/v2\/pages"}],"about":[{"href":"https:\/\/tegelbruket.monkeyinsilk.se\/index.php\/wp-json\/wp\/v2\/types\/page"}],"author":[{"embeddable":true,"href":"https:\/\/tegelbruket.monkeyinsilk.se\/index.php\/wp-json\/wp\/v2\/users\/1"}],"replies":[{"embeddable":true,"href":"https:\/\/tegelbruket.monkeyinsilk.se\/index.php\/wp-json\/wp\/v2\/comments?post=60"}],"version-history":[{"count":38,"href":"https:\/\/tegelbruket.monkeyinsilk.se\/index.php\/wp-json\/wp\/v2\/pages\/60\/revisions"}],"predecessor-version":[{"id":151,"href":"https:\/\/tegelbruket.monkeyinsilk.se\/index.php\/wp-json\/wp\/v2\/pages\/60\/revisions\/151"}],"wp:featuredmedia":[{"embeddable":true,"href":"https:\/\/tegelbruket.monkeyinsilk.se\/index.php\/wp-json\/wp\/v2\/media\/69"}],"wp:attachment":[{"href":"https:\/\/tegelbruket.monkeyinsilk.se\/index.php\/wp-json\/wp\/v2\/media?parent=60"}],"curies":[{"name":"wp","href":"https:\/\/api.w.org\/{rel}","templated":true}]}}